{"id":74,"date":"2021-11-29T13:14:54","date_gmt":"2021-11-29T13:14:54","guid":{"rendered":"http:\/\/uamoreni.ro.c50.previewmysite.eu\/test\/?page_id=74"},"modified":"2025-10-16T09:09:23","modified_gmt":"2025-10-16T09:09:23","slug":"acasa","status":"publish","type":"page","link":"http:\/\/uamoreni.ro\/en\/acasa\/","title":{"rendered":"AUTOMECANICA Moreni Factory"},"content":{"rendered":"<div class=\"wp-block-cover alignfull main-banner\"><img loading=\"lazy\" decoding=\"async\" width=\"1920\" height=\"768\" class=\"wp-block-cover__image-background wp-image-409\" alt=\"\" src=\"http:\/\/uamoreni.ro.c50.previewmysite.eu\/wp-content\/uploads\/2022\/08\/1.png\" data-object-fit=\"cover\" srcset=\"http:\/\/uamoreni.ro\/wp-content\/uploads\/2022\/08\/1.png 1920w, http:\/\/uamoreni.ro\/wp-content\/uploads\/2022\/08\/1-300x120.png 300w, http:\/\/uamoreni.ro\/wp-content\/uploads\/2022\/08\/1-1024x410.png 1024w, http:\/\/uamoreni.ro\/wp-content\/uploads\/2022\/08\/1-768x307.png 768w, http:\/\/uamoreni.ro\/wp-content\/uploads\/2022\/08\/1-1536x614.png 1536w, http:\/\/uamoreni.ro\/wp-content\/uploads\/2022\/08\/1-600x240.png 600w\" sizes=\"auto, (max-width: 1920px) 100vw, 1920px\" \/><span aria-hidden=\"true\" class=\"wp-block-cover__background has-background-dim-40 has-background-dim wp-block-cover__gradient-background has-background-gradient\" style=\"background:linear-gradient(100deg,rgb(0,37,61) 23%,rgba(9,60,78,0.5) 41%)\"><\/span><div class=\"wp-block-cover__inner-container is-layout-flow wp-block-cover-is-layout-flow\"><div class=\"wp-block-columns alignwide mx-5 px-lg-2 is-layout-flex wp-container-core-columns-is-layout-9d6595d7 wp-block-columns-is-layout-flex\"><div class=\"wp-block-column is-vertically-aligned-center ps-lg-5 is-layout-flow wp-block-column-is-layout-flow\"><h1 class=\"wp-block-heading has-text-align-left\" style=\"font-size:40px\">&#8222;Putere \u0219i tradi\u021bie&#8221;<\/h1>\n\n<p class=\"has-text-align-left text-left mb-4\" style=\"font-size:15px\"><strong>Scurt\u0103 Prezentare<\/strong><\/p>\n\n<p><em>Uzina Automecanica Moreni este o societate cu produc\u021bie \u0219i servicii diversificate \u00een mai multe domenii de activitate, civile si militare, av\u00e2nd ca principal obiect de activitate fabricarea de transportoare blindate pe ro\u021bi, tehnica militar\u0103, construc\u021bii mecano-sudate, repara\u021bii, precum \u0219i satisfacerea nevoilor curente \u0219i viitoare ale clien\u021bilor ei prin produse \u0219i servicii de \u00eenalt\u0103 calitate.<\/em><\/p><\/div><\/div><\/div><\/div><div class=\"wp-block-ive-separator alignwide undefined ive-separator-_069f51-5d\"><div class=\"ive-separator ive-separator-halign-center\"><hr class=\"ive-separator-hr float-xl-center float-lg-center float-sm-center float-center\"\/><\/div><\/div><p class=\"has-text-align-center has-text-color has-large-font-size\" style=\"color:#275570\">AUTOMECANICA PRODUCTS<\/p><div class=\"wp-block-columns is-layout-flex wp-container-core-columns-is-layout-9d6595d7 wp-block-columns-is-layout-flex\"><div class=\"wp-block-column is-layout-flow wp-block-column-is-layout-flow\" style=\"flex-basis:100%\"><div class=\"wp-block-columns is-layout-flex wp-container-core-columns-is-layout-9d6595d7 wp-block-columns-is-layout-flex\"><div class=\"wp-block-column is-layout-flow wp-block-column-is-layout-flow\"><div class=\"wp-block-cover aligncenter is-light services-section m-0\" style=\"min-height:122px;aspect-ratio:unset;\"><span aria-hidden=\"true\" class=\"wp-block-cover__background has-white-background-color has-background-dim-100 has-background-dim\"><\/span><div class=\"wp-block-cover__inner-container is-layout-flow wp-block-cover-is-layout-flow\"><h2 class=\"wp-block-heading has-text-align-center has-text-color\" style=\"color:#04456f;font-size:30px\">Military products<\/h2>\n\n<p><\/p><\/div><\/div><\/div><\/div>\n\n<div class=\"wp-block-columns are-vertically-aligned-bottom is-layout-flex wp-container-core-columns-is-layout-9d6595d7 wp-block-columns-is-layout-flex\"><div class=\"wp-block-column is-layout-flow wp-block-column-is-layout-flow\" style=\"flex-basis:50%\"><div class=\"wp-block-image\"><figure class=\"aligncenter size-large\"><img decoding=\"async\" src=\"http:\/\/uamoreni.ro.c50.previewmysite.eu\/wp-content\/uploads\/2025\/09\/tabcMultirol.png\" alt=\"\"\/><figcaption class=\"wp-element-caption\"><strong>Transportor TABC-Multirol<\/strong><\/figcaption><\/figure><\/div>\n\n<div class=\"wp-block-ive-ibtana-visual-editorheading\"><div class=\"ive-advanced-text-wrap ive-div-advance-text_b0fbbe-9d undefined text-center text-md-center text-lg-center text-xl-center\"><h2 class=\"ive-heading-parent undefined ive-advanced-text-inner-wrap ive-adv-advance-text_b0fbbe-9d ive-lh-xs-30 ive-lh-sm-30 ive-lh-md-30 ive-lh-lg-30 ive-lh-xl-30\" id=\"ive-adv-advance-text_b0fbbe-9d\"> <strong>Transportor TABC-Multirol<\/strong><\/h2><\/div><\/div><\/div>\n\n<div class=\"wp-block-column is-layout-flow wp-block-column-is-layout-flow\" style=\"flex-basis:50%\"><div class=\"wp-block-image\"><figure class=\"aligncenter size-large\"><img loading=\"lazy\" decoding=\"async\" width=\"1024\" height=\"768\" src=\"http:\/\/uamoreni.ro.c50.previewmysite.eu\/wp-content\/uploads\/2022\/08\/6-1024x768.jpg\" alt=\"\" class=\"wp-image-451\" srcset=\"http:\/\/uamoreni.ro\/wp-content\/uploads\/2022\/08\/6-1024x768.jpg 1024w, http:\/\/uamoreni.ro\/wp-content\/uploads\/2022\/08\/6-300x225.jpg 300w, http:\/\/uamoreni.ro\/wp-content\/uploads\/2022\/08\/6-768x576.jpg 768w, http:\/\/uamoreni.ro\/wp-content\/uploads\/2022\/08\/6-1536x1152.jpg 1536w, http:\/\/uamoreni.ro\/wp-content\/uploads\/2022\/08\/6-2048x1536.jpg 2048w, http:\/\/uamoreni.ro\/wp-content\/uploads\/2022\/08\/6-600x450.jpg 600w\" sizes=\"auto, (max-width: 1024px) 100vw, 1024px\" \/><figcaption class=\"wp-element-caption\"><strong>Armored Amphibious Transporter<br>Saur 2<\/strong><\/figcaption><\/figure><\/div>\n\n<div class=\"wp-block-ive-ibtana-visual-editorheading\"><div class=\"ive-advanced-text-wrap ive-div-advance-text_c802d8-2d undefined text-center text-md-center text-lg-center text-xl-center\"><h2 class=\"ive-heading-parent undefined ive-advanced-text-inner-wrap ive-adv-advance-text_c802d8-2d ive-lh-xs-30 ive-lh-sm-30 ive-lh-md-30 ive-lh-lg-30 ive-lh-xl-30\" id=\"ive-adv-advance-text_c802d8-2d\"><strong>Armored Amphibious Transporter<br>Saur 2<\/strong><\/h2><\/div><\/div>\n\n<p><\/p><\/div><\/div><\/div><\/div><div class=\"wp-block-image\"><figure class=\"aligncenter size-full is-resized\"><img loading=\"lazy\" decoding=\"async\" width=\"1024\" height=\"768\" src=\"http:\/\/uamoreni.ro.c50.previewmysite.eu\/wp-content\/uploads\/2022\/08\/3.jpg\" alt=\"\" class=\"wp-image-452\" style=\"width:621px;height:465px\" srcset=\"http:\/\/uamoreni.ro\/wp-content\/uploads\/2022\/08\/3.jpg 1024w, http:\/\/uamoreni.ro\/wp-content\/uploads\/2022\/08\/3-300x225.jpg 300w, http:\/\/uamoreni.ro\/wp-content\/uploads\/2022\/08\/3-768x576.jpg 768w, http:\/\/uamoreni.ro\/wp-content\/uploads\/2022\/08\/3-600x450.jpg 600w\" sizes=\"auto, (max-width: 1024px) 100vw, 1024px\" \/><figcaption class=\"wp-element-caption\">Emergency vehicle<br><strong>AM 7.0 M<\/strong><\/figcaption><\/figure><\/div><div class=\"wp-block-ive-ibtana-visual-editorheading\"><div class=\"ive-advanced-text-wrap ive-div-advance-text_122de4-05 undefined text-center text-md-center text-lg-center text-xl-center\"><h2 class=\"ive-heading-parent undefined ive-advanced-text-inner-wrap ive-adv-advance-text_122de4-05 ive-lh-xs-30 ive-lh-sm-30 ive-lh-md-30 ive-lh-lg-30 ive-lh-xl-30\" id=\"ive-adv-advance-text_122de4-05\">Emergency vehicle<br><strong>AM 7.0 M<\/strong><\/h2><\/div><\/div><hr class=\"wp-block-separator has-text-color has-css-opacity has-background is-style-default\" style=\"background-color:#355567;color:#355567\"\/><div class=\"wp-block-ive-ibtana-visual-editorheading\"><div class=\"ive-advanced-text-wrap ive-div-advance-text_f06e6a-47 undefined text-center text-md-center text-lg-center text-xl-center\"><h2 class=\"ive-heading-parent undefined ive-advanced-text-inner-wrap ive-adv-advance-text_f06e6a-47 ive-lh-xs-30 ive-lh-sm-30 ive-lh-md-30 ive-lh-lg-30 ive-lh-xl-30\" id=\"ive-adv-advance-text_f06e6a-47\"><strong>SPECIAL PRODUCTS<\/strong><br><\/h2><\/div><\/div><div class=\"wp-block-columns are-vertically-aligned-center is-layout-flex wp-container-core-columns-is-layout-9d6595d7 wp-block-columns-is-layout-flex\"><div class=\"wp-block-column is-vertically-aligned-center is-layout-flow wp-block-column-is-layout-flow\"><figure class=\"wp-block-image size-full is-resized is-style-default\"><img loading=\"lazy\" decoding=\"async\" width=\"267\" height=\"200\" src=\"http:\/\/uamoreni.ro.c50.previewmysite.eu\/wp-content\/uploads\/2022\/08\/turele.png\" alt=\"\" class=\"wp-image-453\" style=\"width:283px;height:212px\"\/><\/figure>\n\n<div class=\"wp-block-ive-ibtana-visual-editorheading\"><div class=\"ive-advanced-text-wrap ive-div-advance-text_51e7e8-0b undefined text-center text-md-center text-lg-start text-xl-start\"><h2 class=\"ive-heading-parent undefined ive-advanced-text-inner-wrap ive-adv-advance-text_51e7e8-0b ive-lh-xs-30 ive-lh-sm-30 ive-lh-md-30 ive-lh-lg-30 ive-lh-xl-30\" id=\"ive-adv-advance-text_51e7e8-0b\">            <strong>Turret<\/strong><br>           <strong>RCWS-RO<\/strong><\/h2><\/div><\/div><\/div>\n\n<div class=\"wp-block-column is-vertically-aligned-center is-layout-flow wp-block-column-is-layout-flow\"><figure class=\"wp-block-image size-large is-resized is-style-default\"><img decoding=\"async\" src=\"http:\/\/uamoreni.ro.c50.previewmysite.eu\/wp-content\/uploads\/2025\/09\/produsUAM1.png\" alt=\"\" style=\"width:304px;height:228px\"\/><\/figure>\n\n<div class=\"wp-block-ive-ibtana-visual-editorheading\"><div class=\"ive-advanced-text-wrap ive-div-advance-text_e91616-2f undefined text-center text-md-center text-lg-start text-xl-start\"><h2 class=\"ive-heading-parent undefined ive-advanced-text-inner-wrap ive-adv-advance-text_e91616-2f ive-lh-xs-30 ive-lh-sm-30 ive-lh-md-30 ive-lh-lg-30 ive-lh-xl-30\" id=\"ive-adv-advance-text_e91616-2f\">   <strong>Module \u0218enilate<\/strong><\/h2><\/div><\/div><\/div>\n\n<div class=\"wp-block-column is-vertically-aligned-center is-layout-flow wp-block-column-is-layout-flow\"><figure class=\"wp-block-image size-large is-style-default\"><img loading=\"lazy\" decoding=\"async\" width=\"1024\" height=\"768\" src=\"http:\/\/uamoreni.ro.c50.previewmysite.eu\/wp-content\/uploads\/2022\/08\/5-1024x768.jpg\" alt=\"\" class=\"wp-image-455\" srcset=\"http:\/\/uamoreni.ro\/wp-content\/uploads\/2022\/08\/5-1024x768.jpg 1024w, http:\/\/uamoreni.ro\/wp-content\/uploads\/2022\/08\/5-300x225.jpg 300w, http:\/\/uamoreni.ro\/wp-content\/uploads\/2022\/08\/5-768x576.jpg 768w, http:\/\/uamoreni.ro\/wp-content\/uploads\/2022\/08\/5-1536x1152.jpg 1536w, http:\/\/uamoreni.ro\/wp-content\/uploads\/2022\/08\/5-2048x1536.jpg 2048w, http:\/\/uamoreni.ro\/wp-content\/uploads\/2022\/08\/5-600x450.jpg 600w\" sizes=\"auto, (max-width: 1024px) 100vw, 1024px\" \/><\/figure>\n\n<div class=\"wp-block-ive-ibtana-visual-editorheading\"><div class=\"ive-advanced-text-wrap ive-div-advance-text_f338f5-b5 undefined text-center text-md-center text-lg-start text-xl-start\"><h2 class=\"ive-heading-parent undefined ive-advanced-text-inner-wrap ive-adv-advance-text_f338f5-b5 ive-lh-xs-30 ive-lh-sm-30 ive-lh-md-30 ive-lh-lg-30 ive-lh-xl-30\" id=\"ive-adv-advance-text_f338f5-b5\"> <strong>Frez\u0103 pentru Z\u0103pad\u0103<\/strong><\/h2><\/div><\/div><\/div><\/div><p class=\"has-text-align-center\" style=\"font-size:30px\"><strong>CIVIL PRODUCTS<\/strong><\/p><div class=\"wp-block-columns is-layout-flex wp-container-core-columns-is-layout-9d6595d7 wp-block-columns-is-layout-flex\"><div class=\"wp-block-column is-layout-flow wp-block-column-is-layout-flow\"><figure class=\"wp-block-image size-full is-resized is-style-default\"><img loading=\"lazy\" decoding=\"async\" width=\"200\" height=\"150\" src=\"http:\/\/uamoreni.ro.c50.previewmysite.eu\/wp-content\/uploads\/2022\/08\/carusel.png\" alt=\"\" class=\"wp-image-456\" style=\"width:514px;height:389px\"\/><\/figure>\n\n<p class=\"has-text-align-center\" style=\"font-size:24px\"><strong>Welded constructions<\/strong><\/p>\n\n<p class=\"has-text-align-center\">Construc\u021bii metalice,&nbsp;St\u00e2lpi gondol\u0103, st\u00e2lpi gsm, st\u00e2lpi \u00eenalt\u0103tensiune,<\/p>\n\n<p class=\"has-text-align-center\"><\/p><\/div>\n\n<div class=\"wp-block-column is-layout-flow wp-block-column-is-layout-flow\"><figure class=\"wp-block-image size-full is-resized is-style-default\"><img loading=\"lazy\" decoding=\"async\" width=\"900\" height=\"500\" src=\"http:\/\/uamoreni.ro.c50.previewmysite.eu\/wp-content\/uploads\/2022\/08\/civile1.jpg\" alt=\"\" class=\"wp-image-457\" style=\"width:751px;height:416px\" srcset=\"http:\/\/uamoreni.ro\/wp-content\/uploads\/2022\/08\/civile1.jpg 900w, http:\/\/uamoreni.ro\/wp-content\/uploads\/2022\/08\/civile1-300x167.jpg 300w, http:\/\/uamoreni.ro\/wp-content\/uploads\/2022\/08\/civile1-768x427.jpg 768w, http:\/\/uamoreni.ro\/wp-content\/uploads\/2022\/08\/civile1-600x333.jpg 600w\" sizes=\"auto, (max-width: 900px) 100vw, 900px\" \/><\/figure>\n\n<div class=\"wp-block-ive-ibtana-visual-editorheading\"><div class=\"ive-advanced-text-wrap ive-div-advance-text_ec4196-12 undefined text-center text-md-center text-lg-center text-xl-center\"><h2 class=\"ive-heading-parent undefined ive-advanced-text-inner-wrap ive-adv-advance-text_ec4196-12 ive-lh-xs-30 ive-lh-sm-30 ive-lh-md-30 ive-lh-lg-30 ive-lh-xl-30\" id=\"ive-adv-advance-text_ec4196-12\"><strong>Parts and assemblies for the automotive industry<\/strong><br>Pivo\u021bi, Cardane pun\u021bi motoare, Diferen\u021biale autoblocabile, Pun\u021bi motoare rigide, \u0218asiuri si componente de caroserie, Ro\u021bi din\u021bate si pinioane conduc\u0103toare, Arm\u0103tura pentru tampoane de cauciuc si buc\u0219i, C\u0103m\u0103\u0219i de cilindru, Componente de suspensie(bascul\u0103 inferioar\u0103 \u0219i superioar\u0103, Rezervoare de combustibil, Dispozitive pentru industria auto.<\/h2><\/div><\/div><\/div><\/div><p class=\"has-text-align-left\" style=\"font-size:30px\"><strong>ABOUT US<\/strong><\/p><div class=\"wp-block-columns is-layout-flex wp-container-core-columns-is-layout-9d6595d7 wp-block-columns-is-layout-flex\"><div class=\"wp-block-column is-layout-flow wp-block-column-is-layout-flow\" style=\"flex-basis:100%\"><div class=\"wp-block-columns is-layout-flex wp-container-core-columns-is-layout-9d6595d7 wp-block-columns-is-layout-flex\"><div class=\"wp-block-column is-vertically-aligned-center is-layout-flow wp-block-column-is-layout-flow\"><div class=\"wp-block-ive-ibtana-visual-editorheading\"><div class=\"ive-advanced-text-wrap ive-div-advance-text_7d729a-f6 undefined text-center text-md-center text-lg-start text-xl-start\"><h2 class=\"ive-heading-parent undefined ive-advanced-text-inner-wrap ive-adv-advance-text_7d729a-f6 ive-lh-xs-30 ive-lh-sm-30 ive-lh-md-30 ive-lh-lg-30 ive-lh-xl-30\" id=\"ive-adv-advance-text_7d729a-f6\">AUTOMECANICA Moreni Factory<\/h2><\/div><\/div>\n\n<div class=\"wp-block-ive-ibtana-visual-editorheading\"><div class=\"ive-advanced-text-wrap ive-div-advance-text_ceec5b-29 undefined text-center text-md-center text-lg-start text-xl-start\"><h2 class=\"ive-heading-parent undefined ive-advanced-text-inner-wrap ive-adv-advance-text_ceec5b-29 ive-lh-xs-30 ive-lh-sm-30 ive-lh-md-30 ive-lh-lg-30 ive-lh-xl-30\" id=\"ive-adv-advance-text_ceec5b-29\">Pe parcursul celor\u00a055 de ani, a realizat peste 15 000 de produse , majoritatea destinate exportului in spa\u021biul ex-Sovietic, fosta Republic\u0103 Democrat\u0103 Germania, Algeria, Bangladesh.<br>Produsele fabricate la UAM au participat la multe misiuni de securitate \u0219i stabilitate, de men\u021binere a p\u0103cii \u0219i a ordinii publice \u00een diferite \u021b\u0103ri precum : Iugoslavia, Irak, Afganistan. Urm\u00e2nd tendin\u021ba general\u0103 a reconversiei industriei militare, uzina de la Moreni a trecut \u0219i la fabricarea de produse civile \u0219i de asemenea la practicarea \u0219i dezvoltarea unei game largi de servicii. Proiectarea asistat\u0103 de calculator \u0219i noile tehnologii folosite la Moreni (t\u0103ierea tablelor de blindaj cu instala\u021bie LASER, instala\u021bie de c\u0103lire \u00een mediu controlat, instala\u021bie de sudur\u0103 MIG-MAG-WIG) asigur\u0103 materializarea proiectelor \u00een produse de \u00eenalt\u0103 calitate. Pentru a realiza toate acestea, fabrica a dezvoltat un sistem de control bazat pe standardul SR EN ISO 9001 &#8211;\u00a095, UAM fiind acreditat\u0103 de Organismul Militar de Certificare, Acreditare si Supraveghere \u00eenc\u0103 din 1997.<\/h2><\/div><\/div><\/div>\n\n<div class=\"wp-block-column is-vertically-aligned-bottom is-layout-flow wp-block-column-is-layout-flow\"><figure class=\"wp-block-embed aligncenter is-type-rich is-provider-nglobeaz-manipulantul wp-block-embed-nglobeaz-manipulantul\"><div class=\"wp-block-embed__wrapper\">\n<div style=\"width: 640px;\" class=\"wp-video\"><video class=\"wp-video-shortcode\" id=\"video-74-1\" width=\"640\" height=\"360\" preload=\"metadata\" controls=\"controls\"><source type=\"video\/mp4\" src=\"http:\/\/uamoreni.ro.c50.previewmysite.eu\/wp-content\/uploads\/2025\/10\/Rampa2025.mp4?_=1\" \/><a href=\"http:\/\/uamoreni.ro.c50.previewmysite.eu\/wp-content\/uploads\/2025\/10\/Rampa2025.mp4\">http:\/\/uamoreni.ro.c50.previewmysite.eu\/wp-content\/uploads\/2025\/10\/Rampa2025.mp4<\/a><\/video><\/div>\n<\/div><\/figure><\/div><\/div><\/div><\/div><p><\/p><p><\/p>","protected":false},"excerpt":{"rendered":"<p>PRODUSE AUTOMECANICA PRODUSE CIVILE Constructii sudate Construc\u021bii metalice,&nbsp;St\u00e2lpi gondol\u0103, st\u00e2lpi gsm, st\u00e2lpi \u00eenalt\u0103tensiune, DESPRE NOI<\/p>","protected":false},"author":1,"featured_media":0,"parent":0,"menu_order":0,"comment_status":"closed","ping_status":"closed","template":"","meta":{"_regular_price":[],"currency_symbol":[],"footnotes":""},"class_list":["post-74","page","type-page","status-publish","hentry"],"post_slider_layout_featured_media_urls":{"thumbnail":"","post_slider_layout_landscape_large":"","post_slider_layout_portrait_large":"","post_slider_layout_square_large":"","post_slider_layout_landscape":"","post_slider_layout_portrait":"","post_slider_layout_square":"","full":""},"_links":{"self":[{"href":"http:\/\/uamoreni.ro\/en\/wp-json\/wp\/v2\/pages\/74","targetHints":{"allow":["GET"]}}],"collection":[{"href":"http:\/\/uamoreni.ro\/en\/wp-json\/wp\/v2\/pages"}],"about":[{"href":"http:\/\/uamoreni.ro\/en\/wp-json\/wp\/v2\/types\/page"}],"author":[{"embeddable":true,"href":"http:\/\/uamoreni.ro\/en\/wp-json\/wp\/v2\/users\/1"}],"replies":[{"embeddable":true,"href":"http:\/\/uamoreni.ro\/en\/wp-json\/wp\/v2\/comments?post=74"}],"version-history":[{"count":12,"href":"http:\/\/uamoreni.ro\/en\/wp-json\/wp\/v2\/pages\/74\/revisions"}],"predecessor-version":[{"id":1655,"href":"http:\/\/uamoreni.ro\/en\/wp-json\/wp\/v2\/pages\/74\/revisions\/1655"}],"wp:attachment":[{"href":"http:\/\/uamoreni.ro\/en\/wp-json\/wp\/v2\/media?parent=74"}],"curies":[{"name":"wp","href":"https:\/\/api.w.org\/{rel}","templated":true}]}}