{"id":531,"date":"2022-08-05T11:34:03","date_gmt":"2022-08-05T11:34:03","guid":{"rendered":"http:\/\/uamoreni.ro.c50.previewmysite.eu\/?page_id=531"},"modified":"2025-10-31T09:31:47","modified_gmt":"2025-10-31T09:31:47","slug":"angajari","status":"publish","type":"page","link":"http:\/\/uamoreni.ro\/en\/angajari\/","title":{"rendered":"Angaj\u0103ri"},"content":{"rendered":"<p>UZINA AUTOMECANICA MORENI ANGAJEAZ\u0102!<\/p><p>27.10.2025<\/p><p>C\u0103ut\u0103m colegi pasiona\u021bi de domeniul tehnic, dornici s\u0103 se al\u0103ture echipei noastre!<br>Posturile disponibile sunt:<\/p><ol class=\"wp-block-list\"><li>Inginer autovehicule rutiere &#8211; 2 posturi<\/li>\n\n<li>Inginer sudur\u0103 &#8211; 1 post<\/li>\n\n<li>Inginer TCM &#8211; 1 post<\/li>\n\n<li>Inginer mecanic &#8211; 1 post<\/li><\/ol><p>Dac\u0103 e\u0219ti interesat(\u0103), trimite-ne CV-ul t\u0103u \u0219i al\u0103tur\u0103-te unei echipe cu tradi\u021bie \u0219i performan\u021b\u0103 \u00een domeniul tehnicii militare \u0219i civile!<\/p><figure class=\"wp-block-image size-full is-resized is-style-default\"><img loading=\"lazy\" decoding=\"async\" width=\"415\" height=\"260\" src=\"http:\/\/uamoreni.ro.c50.previewmysite.eu\/wp-content\/uploads\/2022\/08\/file_angajari.jpg\" alt=\"\" class=\"wp-image-532\" style=\"width:831px;height:523px\" srcset=\"http:\/\/uamoreni.ro\/wp-content\/uploads\/2022\/08\/file_angajari.jpg 415w, http:\/\/uamoreni.ro\/wp-content\/uploads\/2022\/08\/file_angajari-300x188.jpg 300w\" sizes=\"auto, (max-width: 415px) 100vw, 415px\" \/><\/figure><p class=\"has-large-font-size\"><strong>Sent your CV at: automecanica@uamoreni.ro or office@uamoreni.ro<\/strong><\/p><p><a href=\"http:\/\/uamoreni.ro.c50.previewmysite.eu\/wp-content\/uploads\/2022\/08\/Europass-model_CV_RO.doc\">Complete the Europass CV and send it to us at the addresses above.<\/a><\/p>","protected":false},"excerpt":{"rendered":"<p>UZINA AUTOMECANICA MORENI ANGAJEAZ\u0102! 27.10.2025 C\u0103ut\u0103m colegi pasiona\u021bi de domeniul tehnic, dornici s\u0103 se al\u0103ture echipei noastre!Posturile disponibile sunt: Dac\u0103 e\u0219ti interesat(\u0103), trimite-ne CV-ul t\u0103u \u0219i al\u0103tur\u0103-te unei echipe cu tradi\u021bie \u0219i performan\u021b\u0103 \u00een domeniul tehnicii militare \u0219i civile! Trimite Cv-ul la : automecanica@uamoreni.ro sau office@uamoreni.ro Completeaza CV-ul Europass si trimite-ne pe adresele de mai &hellip; <\/p>\n<p class=\"link-more\"><a href=\"http:\/\/uamoreni.ro\/en\/angajari\/\" class=\"more-link\">Continue reading<span class=\"screen-reader-text\"> &#8222;Angaj\u0103ri&#8221;<\/span><\/a><\/p>","protected":false},"author":1,"featured_media":0,"parent":0,"menu_order":0,"comment_status":"closed","ping_status":"closed","template":"","meta":{"_regular_price":[],"currency_symbol":[],"footnotes":""},"class_list":["post-531","page","type-page","status-publish","hentry"],"post_slider_layout_featured_media_urls":{"thumbnail":"","post_slider_layout_landscape_large":"","post_slider_layout_portrait_large":"","post_slider_layout_square_large":"","post_slider_layout_landscape":"","post_slider_layout_portrait":"","post_slider_layout_square":"","full":""},"_links":{"self":[{"href":"http:\/\/uamoreni.ro\/en\/wp-json\/wp\/v2\/pages\/531","targetHints":{"allow":["GET"]}}],"collection":[{"href":"http:\/\/uamoreni.ro\/en\/wp-json\/wp\/v2\/pages"}],"about":[{"href":"http:\/\/uamoreni.ro\/en\/wp-json\/wp\/v2\/types\/page"}],"author":[{"embeddable":true,"href":"http:\/\/uamoreni.ro\/en\/wp-json\/wp\/v2\/users\/1"}],"replies":[{"embeddable":true,"href":"http:\/\/uamoreni.ro\/en\/wp-json\/wp\/v2\/comments?post=531"}],"version-history":[{"count":5,"href":"http:\/\/uamoreni.ro\/en\/wp-json\/wp\/v2\/pages\/531\/revisions"}],"predecessor-version":[{"id":1666,"href":"http:\/\/uamoreni.ro\/en\/wp-json\/wp\/v2\/pages\/531\/revisions\/1666"}],"wp:attachment":[{"href":"http:\/\/uamoreni.ro\/en\/wp-json\/wp\/v2\/media?parent=531"}],"curies":[{"name":"wp","href":"https:\/\/api.w.org\/{rel}","templated":true}]}}