{"id":43,"date":"2021-11-26T09:46:36","date_gmt":"2021-11-26T09:46:36","guid":{"rendered":"http:\/\/uamoreni.ro.c50.previewmysite.eu\/test\/?page_id=43"},"modified":"2025-10-16T05:39:53","modified_gmt":"2025-10-16T05:39:53","slug":"servicii","status":"publish","type":"page","link":"http:\/\/uamoreni.ro\/en\/servicii\/","title":{"rendered":"SERVICES"},"content":{"rendered":"<figure class=\"wp-block-video\"><video height=\"544\" style=\"aspect-ratio: 960 \/ 544;\" width=\"960\" controls src=\"http:\/\/uamoreni.ro\/wp-content\/uploads\/2025\/10\/UAM2025OCT-1.mp4\"><\/video><\/figure><div class=\"wp-block-columns is-layout-flex wp-container-core-columns-is-layout-9d6595d7 wp-block-columns-is-layout-flex\"><div class=\"wp-block-column is-layout-flow wp-block-column-is-layout-flow\"><div class=\"wp-block-image is-style-rounded\"><figure class=\"aligncenter size-full\"><img loading=\"lazy\" decoding=\"async\" width=\"531\" height=\"600\" src=\"http:\/\/uamoreni.ro.c50.previewmysite.eu\/wp-content\/uploads\/2022\/08\/1-1.png\" alt=\"\" class=\"wp-image-501\" srcset=\"http:\/\/uamoreni.ro\/wp-content\/uploads\/2022\/08\/1-1.png 531w, http:\/\/uamoreni.ro\/wp-content\/uploads\/2022\/08\/1-1-266x300.png 266w\" sizes=\"auto, (max-width: 531px) 100vw, 531px\" \/><figcaption class=\"wp-element-caption\"><br><\/figcaption><\/figure><\/div>\n\n<div class=\"wp-block-ive-ibtana-visual-editorheading\"><div class=\"ive-advanced-text-wrap ive-div-advance-text_eb27ed-df undefined text-center text-md-center text-lg-center text-xl-center\"><h2 class=\"ive-heading-parent undefined ive-advanced-text-inner-wrap ive-adv-advance-text_eb27ed-df ive-lh-xs-30 ive-lh-sm-30 ive-lh-md-30 ive-lh-lg-30 ive-lh-xl-25\" id=\"ive-adv-advance-text_eb27ed-df\"> <strong>Debit\u0103ri laser<\/strong>  <br>Cutting of treated steel sheets with a thickness of 1-20 mm or stainless steel sheets with a thickness of 1-4 mm with computer assisted LASER installation.<br>Cutting precision \u2013 0.1mm<br>Thermal influence in the cutting area max. 0.3 mm (measured in the laboratories of the supplier of the LASER installation)<br>The minimum hole that can be executed with the help of the LASER installation with the thickness of the material<br>The maximum dimensions of the sheets 1500x3000mm <\/h2><\/div><\/div><\/div>\n\n<div class=\"wp-block-column is-layout-flow wp-block-column-is-layout-flow\"><div class=\"wp-block-image is-style-rounded\"><figure class=\"aligncenter size-full is-resized\"><img loading=\"lazy\" decoding=\"async\" width=\"243\" height=\"302\" src=\"http:\/\/uamoreni.ro.c50.previewmysite.eu\/wp-content\/uploads\/2022\/08\/schela.jpg\" alt=\"\" class=\"wp-image-502\" style=\"width:484px;height:604px\" srcset=\"http:\/\/uamoreni.ro\/wp-content\/uploads\/2022\/08\/schela.jpg 243w, http:\/\/uamoreni.ro\/wp-content\/uploads\/2022\/08\/schela-241x300.jpg 241w\" sizes=\"auto, (max-width: 243px) 100vw, 243px\" \/><figcaption class=\"wp-element-caption\"><br><\/figcaption><\/figure><\/div>\n\n<div class=\"wp-block-ive-ibtana-visual-editorheading\"><div class=\"ive-advanced-text-wrap ive-div-advance-text_c7a621-62 undefined text-center text-md-center text-lg-center text-xl-center\"><h2 class=\"ive-heading-parent undefined ive-advanced-text-inner-wrap ive-adv-advance-text_c7a621-62 ive-lh-xs-30 ive-lh-sm-30 ive-lh-md-30 ive-lh-lg-30 ive-lh-xl-25\" id=\"ive-adv-advance-text_c7a621-62\"> <strong>Prelucr\u0103ri mecanice<\/strong> <br> Sanding<br>Debiting<br>Milling<br>Woodturning<br>Rectific\u0103ri universale<br>Rectificare profile interioare \u0219i exterioare<br>Electroerosion with massive electrode<br>Forjare \u00een matri\u021b\u0103<br>Prelucr\u0103ri de precizie pe ma\u015fini unelte \u00een coordonate<br>Stan\u021b\u0103ri\/ambutis\u0103ri <\/h2><\/div><\/div><\/div><\/div><div class=\"wp-block-columns is-layout-flex wp-container-core-columns-is-layout-9d6595d7 wp-block-columns-is-layout-flex\"><div class=\"wp-block-column is-layout-flow wp-block-column-is-layout-flow\"><figure class=\"wp-block-image size-full is-resized is-style-rounded\"><img loading=\"lazy\" decoding=\"async\" width=\"125\" height=\"210\" src=\"http:\/\/uamoreni.ro.c50.previewmysite.eu\/wp-content\/uploads\/2022\/08\/image006-1.jpg\" alt=\"\" class=\"wp-image-503\" style=\"width:453px;height:766px\"\/><\/figure>\n\n<div class=\"wp-block-ive-ibtana-visual-editorheading\"><div class=\"ive-advanced-text-wrap ive-div-advance-text_4e7851-5d undefined text-center text-md-center text-lg-center text-xl-center\"><h2 class=\"ive-heading-parent undefined ive-advanced-text-inner-wrap ive-adv-advance-text_4e7851-5d ive-lh-xs-30 ive-lh-sm-30 ive-lh-md-30 ive-lh-lg-30 ive-lh-xl-25\" id=\"ive-adv-advance-text_4e7851-5d\"><strong>Dyeing<\/strong><br>Prin pulverizare \u00een cabina SAIMA MECANICA GRANDI MEZZI<br>Dimensiuni cabin\u0103 12x6x5 m(Lxlxh)<\/h2><\/div><\/div><\/div>\n\n<div class=\"wp-block-column is-layout-flow wp-block-column-is-layout-flow\"><div class=\"wp-block-image is-style-rounded\"><figure class=\"aligncenter size-full is-resized\"><img loading=\"lazy\" decoding=\"async\" width=\"531\" height=\"600\" src=\"http:\/\/uamoreni.ro.c50.previewmysite.eu\/wp-content\/uploads\/2022\/08\/4-1.jpg\" alt=\"\" class=\"wp-image-504\" style=\"width:686px;height:774px\" srcset=\"http:\/\/uamoreni.ro\/wp-content\/uploads\/2022\/08\/4-1.jpg 531w, http:\/\/uamoreni.ro\/wp-content\/uploads\/2022\/08\/4-1-266x300.jpg 266w\" sizes=\"auto, (max-width: 531px) 100vw, 531px\" \/><\/figure><\/div>\n\n<div class=\"wp-block-ive-ibtana-visual-editorheading\"><div class=\"ive-advanced-text-wrap ive-div-advance-text_989d57-59 undefined text-center text-md-center text-lg-center text-xl-center\"><h2 class=\"ive-heading-parent undefined ive-advanced-text-inner-wrap ive-adv-advance-text_989d57-59 ive-lh-xs-30 ive-lh-sm-30 ive-lh-md-30 ive-lh-lg-30 ive-lh-xl-25\" id=\"ive-adv-advance-text_989d57-59\"><img decoding=\"async\" src=\"file:\/\/\/C:\/Users\/Admin%20IT\/Desktop\/Proba%20site%202018\/images\/servicii\/4.jpg\" alt=\"\"><br><strong>Sudur\u0103<\/strong><br>MIG-MAG<br>WIG<br>Electric\u0103<br>Autogenous<\/h2><\/div><\/div><\/div><\/div><div class=\"wp-block-columns is-layout-flex wp-container-core-columns-is-layout-9d6595d7 wp-block-columns-is-layout-flex\"><div class=\"wp-block-column is-layout-flow wp-block-column-is-layout-flow\"><div class=\"wp-block-image is-style-rounded\"><figure class=\"aligncenter size-full\"><img loading=\"lazy\" decoding=\"async\" width=\"600\" height=\"600\" src=\"http:\/\/uamoreni.ro.c50.previewmysite.eu\/wp-content\/uploads\/2022\/08\/5-1.png\" alt=\"\" class=\"wp-image-506\" srcset=\"http:\/\/uamoreni.ro\/wp-content\/uploads\/2022\/08\/5-1.png 600w, http:\/\/uamoreni.ro\/wp-content\/uploads\/2022\/08\/5-1-300x300.png 300w, http:\/\/uamoreni.ro\/wp-content\/uploads\/2022\/08\/5-1-150x150.png 150w, http:\/\/uamoreni.ro\/wp-content\/uploads\/2022\/08\/5-1-100x100.png 100w\" sizes=\"auto, (max-width: 600px) 100vw, 600px\" \/><\/figure><\/div>\n\n<div class=\"wp-block-ive-ibtana-visual-editorheading\"><div class=\"ive-advanced-text-wrap ive-div-advance-text_afe789-38 undefined text-center text-md-center text-lg-center text-xl-center\"><h2 class=\"ive-heading-parent undefined ive-advanced-text-inner-wrap ive-adv-advance-text_afe789-38 ive-lh-xs-30 ive-lh-sm-30 ive-lh-md-30 ive-lh-lg-30 ive-lh-xl-25\" id=\"ive-adv-advance-text_afe789-38\"><strong>Service<\/strong><br>Uzina Automecanica Moreni asigur\u0103 service garan\u021bie \u0219i postgaran\u021bie la sediul beneficiarului (inclusiv \u00een zonele de ac\u021biune ale acestora) av\u00e2nd o echip\u0103 de service flexibil\u0103<\/h2><\/div><\/div><\/div>\n\n<div class=\"wp-block-column is-layout-flow wp-block-column-is-layout-flow\"><div class=\"wp-block-image is-style-rounded\"><figure class=\"aligncenter size-full\"><img loading=\"lazy\" decoding=\"async\" width=\"600\" height=\"600\" src=\"http:\/\/uamoreni.ro.c50.previewmysite.eu\/wp-content\/uploads\/2022\/08\/6.png\" alt=\"\" class=\"wp-image-505\" srcset=\"http:\/\/uamoreni.ro\/wp-content\/uploads\/2022\/08\/6.png 600w, http:\/\/uamoreni.ro\/wp-content\/uploads\/2022\/08\/6-300x300.png 300w, http:\/\/uamoreni.ro\/wp-content\/uploads\/2022\/08\/6-150x150.png 150w, http:\/\/uamoreni.ro\/wp-content\/uploads\/2022\/08\/6-100x100.png 100w\" sizes=\"auto, (max-width: 600px) 100vw, 600px\" \/><\/figure><\/div>\n\n<div class=\"wp-block-ive-ibtana-visual-editorheading\"><div class=\"ive-advanced-text-wrap ive-div-advance-text_6070da-04 undefined text-center text-md-center text-lg-center text-xl-center\"><h2 class=\"ive-heading-parent undefined ive-advanced-text-inner-wrap ive-adv-advance-text_6070da-04 ive-lh-xs-30 ive-lh-sm-30 ive-lh-md-30 ive-lh-lg-30 ive-lh-xl-25\" id=\"ive-adv-advance-text_6070da-04\"><strong>Transport services<\/strong><\/h2><\/div><\/div><\/div><\/div>","protected":false},"excerpt":{"rendered":"","protected":false},"author":1,"featured_media":0,"parent":0,"menu_order":0,"comment_status":"closed","ping_status":"closed","template":"","meta":{"_regular_price":[],"currency_symbol":[],"footnotes":""},"class_list":["post-43","page","type-page","status-publish","hentry"],"post_slider_layout_featured_media_urls":{"thumbnail":"","post_slider_layout_landscape_large":"","post_slider_layout_portrait_large":"","post_slider_layout_square_large":"","post_slider_layout_landscape":"","post_slider_layout_portrait":"","post_slider_layout_square":"","full":""},"_links":{"self":[{"href":"http:\/\/uamoreni.ro\/en\/wp-json\/wp\/v2\/pages\/43","targetHints":{"allow":["GET"]}}],"collection":[{"href":"http:\/\/uamoreni.ro\/en\/wp-json\/wp\/v2\/pages"}],"about":[{"href":"http:\/\/uamoreni.ro\/en\/wp-json\/wp\/v2\/types\/page"}],"author":[{"embeddable":true,"href":"http:\/\/uamoreni.ro\/en\/wp-json\/wp\/v2\/users\/1"}],"replies":[{"embeddable":true,"href":"http:\/\/uamoreni.ro\/en\/wp-json\/wp\/v2\/comments?post=43"}],"version-history":[{"count":3,"href":"http:\/\/uamoreni.ro\/en\/wp-json\/wp\/v2\/pages\/43\/revisions"}],"predecessor-version":[{"id":1652,"href":"http:\/\/uamoreni.ro\/en\/wp-json\/wp\/v2\/pages\/43\/revisions\/1652"}],"wp:attachment":[{"href":"http:\/\/uamoreni.ro\/en\/wp-json\/wp\/v2\/media?parent=43"}],"curies":[{"name":"wp","href":"https:\/\/api.w.org\/{rel}","templated":true}]}}